{"id":7,"date":"2015-11-05T04:20:21","date_gmt":"2015-11-05T04:20:21","guid":{"rendered":"http:\/\/localhost\/medical\/?page_id=5"},"modified":"2025-07-25T15:31:52","modified_gmt":"2025-07-25T12:31:52","slug":"home1","status":"publish","type":"page","link":"https:\/\/shqip.muratmakasci.com\/","title":{"rendered":"Trapianto di Capelli con Cellule Staminali"},"content":{"rendered":"<div class=\"wpb-content-wrapper\"><p>[vc_row parallax_bg=&#8221;true&#8221; css=&#8221;.vc_custom_1487928048229{padding-top: 120px !important;background-image: url(http:\/\/wpdemo.thememodern.com\/medical\/wp-content\/uploads\/sites\/7\/2015\/11\/medical-bg.jpg?id=338) !important;background-position: center !important;background-repeat: no-repeat !important;background-size: cover !important;}&#8221; el_class=&#8221;relative&#8221; el_id=&#8221;top&#8221;][vc_column offset=&#8221;vc_col-md-6&#8243;][vc_column_text css=&#8221;&#8221;]<\/p>\n<h1 class=\"headline\"><span style=\"color: #ff6600;\"><span style=\"color: #000000;\">MAKASCI Transplantimi i Flok\u00ebve n\u00eb Kosov\u00eb<\/span><\/span><\/h1>\n<p>[\/vc_column_text][vc_custom_heading text=&#8221;Mund t\u00eb kesh nj\u00eb stil dhe pamje t\u00eb re.&#8221; font_container=&#8221;tag:h3|text_align:left&#8221; use_theme_fonts=&#8221;yes&#8221; css=&#8221;&#8221; el_class=&#8221;headline-support&#8221;][vc_column_text css=&#8221;.vc_custom_1751013649935{margin-top: 20px !important;margin-bottom: 20px !important;}&#8221;]<span style=\"color: #ff6600;\"><strong>P\u00ebrdoren metodat m\u00eb t\u00eb fundit t\u00eb teknologjis\u00eb p\u00ebr transplantimin e flok\u00ebve.<\/strong><\/span>[\/vc_column_text][vc_single_image image=&#8221;635&#8243; img_size=&#8221;full&#8221; css=&#8221;&#8221;][\/vc_column][vc_column offset=&#8221;vc_col-md-6&#8243;][vc_single_image image=&#8221;645&#8243; img_size=&#8221;full&#8221; alignment=&#8221;right&#8221; css=&#8221;&#8221;][\/vc_column][\/vc_row][vc_row css=&#8221;.vc_custom_1446802971816{padding-top: 50px !important;padding-bottom: 50px !important;}&#8221; el_id=&#8221;book&#8221;][vc_column width=&#8221;1\/2&#8243; offset=&#8221;vc_col-md-7&#8243;][vc_column_text css=&#8221;.vc_custom_1751028386228{margin-bottom: 30px !important;}&#8221; el_class=&#8221;section-title left-aligned&#8221;]<\/p>\n<h2>Mund t\u00eb merrni flok\u00eb t\u00eb rinj duke aplikuar n\u00eb Klinik\u00ebn Makasc\u0131.<\/h2>\n<h3 class=\"subline\">Nuk jeni t\u00eb k\u00ebnaqur me pamjen e flok\u00ebve tuaj? N\u00ebse d\u00ebshironi t\u00eb kryeni nj\u00eb transplant flok\u00ebsh n\u00eb nj\u00eb klinik\u00eb t\u00eb besueshme, aplikoni tani.<\/h3>\n<hr \/>\n<p>[\/vc_column_text][vc_single_image image=&#8221;632&#8243; img_size=&#8221;full&#8221; alignment=&#8221;center&#8221; css=&#8221;&#8221;][\/vc_column][vc_column width=&#8221;1\/2&#8243; offset=&#8221;vc_col-md-5&#8243;]\n<div class=\"wpcf7 no-js\" id=\"wpcf7-f543-o1\" lang=\"en-US\" dir=\"ltr\" data-wpcf7-id=\"543\">\n<div class=\"screen-reader-response\"><p role=\"status\" aria-live=\"polite\" aria-atomic=\"true\"><\/p> <ul><\/ul><\/div>\n<form action=\"\/index.php\/wp-json\/wp\/v2\/pages\/7#wpcf7-f543-o1\" method=\"post\" class=\"wpcf7-form init\" aria-label=\"Contact form\" novalidate=\"novalidate\" data-status=\"init\">\n<fieldset class=\"hidden-fields-container\"><input type=\"hidden\" name=\"_wpcf7\" value=\"543\" \/><input type=\"hidden\" name=\"_wpcf7_version\" value=\"6.1\" \/><input type=\"hidden\" name=\"_wpcf7_locale\" value=\"en_US\" \/><input type=\"hidden\" name=\"_wpcf7_unit_tag\" value=\"wpcf7-f543-o1\" \/><input type=\"hidden\" name=\"_wpcf7_container_post\" value=\"0\" \/><input type=\"hidden\" name=\"_wpcf7_posted_data_hash\" value=\"\" \/>\n<\/fieldset>\n<div class=\"appointment-form\">\n\t<div class=\"form-header\">\n\t\t<h4>Plot\u00ebsoni Formularin ose\n\t\t<\/h4>\n\t\t<p><a href=\"https:\/\/wa.me\/+38345775566\">Aplikoni p\u00ebrmes Whatsapp: +383 45 775 566<\/a>\n\t\t<\/p>\n\t<\/div>\n\t<div class=\"form-group\">\n\t\t<p><label>Emri<\/label><br \/>\n<span class=\"wpcf7-form-control-wrap\" data-name=\"your-name\"><input size=\"40\" maxlength=\"400\" class=\"wpcf7-form-control wpcf7-text wpcf7-validates-as-required form-control\" aria-required=\"true\" aria-invalid=\"false\" value=\"\" type=\"text\" name=\"your-name\" \/><\/span>\n\t\t<\/p>\n\t<\/div>\n\t<div class=\"form-group\">\n\t\t<p><label>Email<\/label><br \/>\n<span class=\"wpcf7-form-control-wrap\" data-name=\"your-email\"><input size=\"40\" maxlength=\"400\" class=\"wpcf7-form-control wpcf7-email wpcf7-validates-as-required wpcf7-text wpcf7-validates-as-email form-control\" aria-required=\"true\" aria-invalid=\"false\" value=\"\" type=\"email\" name=\"your-email\" \/><\/span>\n\t\t<\/p>\n\t<\/div>\n\t<div class=\"form-group\">\n\t\t<p><label>Numri i telefonit:<\/label><br \/>\n<span class=\"wpcf7-form-control-wrap\" data-name=\"your-phone\"><input size=\"40\" maxlength=\"400\" class=\"wpcf7-form-control wpcf7-tel wpcf7-validates-as-required wpcf7-text wpcf7-validates-as-tel form-control\" aria-required=\"true\" aria-invalid=\"false\" value=\"\" type=\"tel\" name=\"your-phone\" \/><\/span>\n\t\t<\/p>\n\t<\/div>\n\t<div class=\"form-group\">\n\t\t<p><label>Mesazhi juaj<\/label><small class=\"text-muted\">(Mesazhi nuk k\u00ebrkohet)<\/small><br \/>\n<span class=\"wpcf7-form-control-wrap\" data-name=\"your-message\"><textarea cols=\"40\" rows=\"10\" maxlength=\"2000\" class=\"wpcf7-form-control wpcf7-textarea form-control\" aria-invalid=\"false\" name=\"your-message\"><\/textarea><\/span>\n\t\t<\/p>\n\t<\/div>\n\t<div class=\"text-center form-group\">\n\t\t<p><input class=\"wpcf7-form-control wpcf7-submit has-spinner btn btn-success btn-block btn-xl\" type=\"submit\" value=\"D\u00ebrgo\" \/><small class=\"text-muted\">Mund t\u00eb p\u00ebrfitoni nga fushata t\u00eb shk\u00eblqyera. Aplikoni tani.<\/small>\n\t\t<\/p>\n\t<\/div>\n<\/div><div class=\"wpcf7-response-output\" aria-hidden=\"true\"><\/div>\n<\/form>\n<\/div>\n[\/vc_column][\/vc_row][vc_row css=&#8221;.vc_custom_1446802984885{padding-top: 30px !important;padding-bottom: 70px !important;}&#8221; el_id=&#8221;video&#8221;][vc_column][vc_column_text css=&#8221;.vc_custom_1751022476355{padding-bottom: 30px !important;}&#8221; el_class=&#8221;section-title&#8221;]<\/p>\n<h2 style=\"text-align: center;\">TRANSMETIMET TELEVIZIVE <span style=\"color: #ff6600;\">MAKASCI<\/span><\/h2>\n<h3 class=\"subline\" style=\"text-align: center;\">Mund t\u00eb shikoni programet televizive n\u00eb t\u00eb cilat Klinika Makasc\u0131 mori pjes\u00eb si eksperte n\u00eb fush\u00ebn e transplantimit t\u00eb flok\u00ebve nga videot m\u00eb posht\u00eb.<\/h3>\n<hr \/>\n<p>[\/vc_column_text][\/vc_column][vc_column offset=&#8221;vc_col-lg-offset-2 vc_col-md-offset-2 vc_col-md-8&#8243;][vc_video link=&#8221;https:\/\/www.youtube.com\/watch?v=LeHOm6GDgno&#8221; css=&#8221;&#8221;][vc_video link=&#8221;https:\/\/www.youtube.com\/watch?v=Lvt4vF55_GQ&#8221; css=&#8221;&#8221;][vc_video link=&#8221;https:\/\/www.youtube.com\/watch?v=I6X5bGgxAgI&#8221; css=&#8221;&#8221;][vc_video link=&#8221;https:\/\/www.youtube.com\/watch?v=k-fd8y1rpBQ&#8221; css=&#8221;&#8221;][\/vc_column][\/vc_row][vc_row css=&#8221;.vc_custom_1446781331709{padding-top: 30px !important;padding-bottom: 70px !important;}&#8221; el_class=&#8221;text-center&#8221;][vc_column][vc_column_text css=&#8221;.vc_custom_1751022520595{padding-bottom: 30px !important;}&#8221; el_class=&#8221;section-title&#8221;]<\/p>\n<h2 style=\"text-align: center;\">ANALIZ\u00cb FALAS E FLOK\u00cbVE<\/h2>\n<h3 class=\"subline\" style=\"text-align: center;\">Konsulent\u00ebt tan\u00eb t\u00eb sh\u00ebndetit mund t&#8217;ju informojn\u00eb duke kryer nj\u00eb analiz\u00eb falas t\u00eb flok\u00ebve tuaj para transplantimit t\u00eb flok\u00ebve.<\/h3>\n<hr \/>\n<p>[\/vc_column_text]\t  <a href=\"#book\" class=\"btn btn-xl btn-success\">APLIKONI TANI !<\/a>\r\n  \r\n  [vc_column_text css=&#8221;.vc_custom_1753445131207{margin-top: 20px !important;margin-bottom: 20px !important;}&#8221;]ose Whatsapp : <a href=\"https:\/\/wa.me\/+38345775566\">+383 45 775 566<\/a>[\/vc_column_text][\/vc_column][\/vc_row][vc_row fullwidth=&#8221;yes&#8221;][vc_column][vc_gmaps link=&#8221;#E-8_JTNDaWZyYW1lJTIwc3JjJTNEJTIyaHR0cHMlM0ElMkYlMkZ3d3cuZ29vZ2xlLmNvbSUyRm1hcHMlMkZlbWJlZCUzRnBiJTNEJTIxMW0xOCUyMTFtMTIlMjExbTMlMjExZDI5MzQuMTA5MzI1MDg2NTY3NCUyMTJkMjEuMTU3MzMzMjc2NTE0ODQ0JTIxM2Q0Mi42NTkwMzg2MTYxNjAwMyUyMTJtMyUyMTFmMCUyMTJmMCUyMTNmMCUyMTNtMiUyMTFpMTAyNCUyMTJpNzY4JTIxNGYxMy4xJTIxM20zJTIxMW0yJTIxMXMweDEzNTQ5ZjhmZDkyN2JhZjUlMjUzQTB4Y2RiY2M0YWIwNmQ2NDZiZSUyMTJzTWFrYXNjJTI1QzQlMjVCMSUyNTIwTWJyZXRpJTI1MjBGbG9rdXQlMjE1ZTAlMjEzbTIlMjExc3RyJTIxMnN0ciUyMTR2MTc1MzQ0NDg0MTI1MiUyMTVtMiUyMTFzdHIlMjEyc3RyJTIyJTIwd2lkdGglM0QlMjI2MDAlMjIlMjBoZWlnaHQlM0QlMjI0NTAlMjIlMjBzdHlsZSUzRCUyMmJvcmRlciUzQTAlM0IlMjIlMjBhbGxvd2Z1bGxzY3JlZW4lM0QlMjIlMjIlMjBsb2FkaW5nJTNEJTIybGF6eSUyMiUyMHJlZmVycmVycG9saWN5JTNEJTIybm8tcmVmZXJyZXItd2hlbi1kb3duZ3JhZGUlMjIlM0UlM0MlMkZpZnJhbWUlM0U=&#8221; css=&#8221;&#8221;][vc_column_text css_animation=&#8221;none&#8221; css=&#8221;&#8221;]<center><a href=\"https:\/\/www.instagram.com\/makascimbretiiflokut\"><img loading=\"lazy\" decoding=\"async\" class=\"alignnone wp-image-642\" src=\"https:\/\/shqip.muratmakasci.com\/wp-content\/uploads\/2025\/07\/ins-150x150.png\" alt=\"\" width=\"65\" height=\"65\" srcset=\"https:\/\/shqip.muratmakasci.com\/wp-content\/uploads\/2025\/07\/ins-150x150.png 150w, https:\/\/shqip.muratmakasci.com\/wp-content\/uploads\/2025\/07\/ins-300x300.png 300w, https:\/\/shqip.muratmakasci.com\/wp-content\/uploads\/2025\/07\/ins-768x768.png 768w, https:\/\/shqip.muratmakasci.com\/wp-content\/uploads\/2025\/07\/ins.png 800w\" sizes=\"auto, (max-width: 65px) 100vw, 65px\" \/><\/a><\/center>[\/vc_column_text][\/vc_column][\/vc_row]<\/p>\n<\/div>","protected":false},"excerpt":{"rendered":"<p>[vc_row parallax_bg=&#8221;true&#8221; css=&#8221;.vc_custom_1487928048229{padding-top: 120px !important;background-image: url(http:\/\/wpdemo.thememodern.com\/medical\/wp-content\/uploads\/sites\/7\/2015\/11\/medical-bg.jpg?id=338) !important;background-position: center !important;background-repeat: no-repeat !important;background-size: cover !important;}&#8221; el_class=&#8221;relative&#8221; el_id=&#8221;top&#8221;][vc_column offset=&#8221;vc_col-md-6&#8243;][vc_column_text css=&#8221;&#8221;] MAKASCI Transplantimi i Flok\u00ebve n\u00eb Kosov\u00eb [\/vc_column_text][vc_custom_heading text=&#8221;Mund t\u00eb kesh nj\u00eb stil dhe pamje t\u00eb re.&#8221; font_container=&#8221;tag:h3|text_align:left&#8221; use_theme_fonts=&#8221;yes&#8221; css=&#8221;&#8221; el_class=&#8221;headline-support&#8221;][vc_column_text css=&#8221;.vc_custom_1751013649935{margin-top: 20px !important;margin-bottom: 20px !important;}&#8221;]P\u00ebrdoren metodat m\u00eb t\u00eb fundit t\u00eb teknologjis\u00eb p\u00ebr transplantimin e flok\u00ebve.[\/vc_column_text][vc_single_image image=&#8221;635&#8243; img_size=&#8221;full&#8221; css=&#8221;&#8221;][\/vc_column][vc_column [&hellip;]<\/p>\n","protected":false},"author":1,"featured_media":0,"parent":0,"menu_order":0,"comment_status":"closed","ping_status":"closed","template":"page-templates\/template-canvas.php","meta":{"footnotes":""},"class_list":["post-7","page","type-page","status-publish","hentry"],"_links":{"self":[{"href":"https:\/\/shqip.muratmakasci.com\/index.php\/wp-json\/wp\/v2\/pages\/7","targetHints":{"allow":["GET"]}}],"collection":[{"href":"https:\/\/shqip.muratmakasci.com\/index.php\/wp-json\/wp\/v2\/pages"}],"about":[{"href":"https:\/\/shqip.muratmakasci.com\/index.php\/wp-json\/wp\/v2\/types\/page"}],"author":[{"embeddable":true,"href":"https:\/\/shqip.muratmakasci.com\/index.php\/wp-json\/wp\/v2\/users\/1"}],"replies":[{"embeddable":true,"href":"https:\/\/shqip.muratmakasci.com\/index.php\/wp-json\/wp\/v2\/comments?post=7"}],"version-history":[{"count":51,"href":"https:\/\/shqip.muratmakasci.com\/index.php\/wp-json\/wp\/v2\/pages\/7\/revisions"}],"predecessor-version":[{"id":646,"href":"https:\/\/shqip.muratmakasci.com\/index.php\/wp-json\/wp\/v2\/pages\/7\/revisions\/646"}],"wp:attachment":[{"href":"https:\/\/shqip.muratmakasci.com\/index.php\/wp-json\/wp\/v2\/media?parent=7"}],"curies":[{"name":"wp","href":"https:\/\/api.w.org\/{rel}","templated":true}]}}